{"id":10203,"date":"2018-03-14T09:36:19","date_gmt":"2018-03-14T08:36:19","guid":{"rendered":"http:\/\/pivovarerb.sk\/restaurant\/gallery-2\/"},"modified":"2018-03-14T09:41:12","modified_gmt":"2018-03-14T08:41:12","slug":"gallery","status":"publish","type":"page","link":"https:\/\/testovanie.pivovarerb.sk\/en\/restaurant\/gallery\/","title":{"rendered":"Gallery"},"content":{"rendered":"<blockquote><p>The restaurant is the upper floor of the building housing our brewery. It is part of the brewing house \u2013 the soul of the brewery where the beer brewing process begins.<\/p><\/blockquote>\n<div class=\"gallery gallery-10203-1\"><div class=\"row gallery-row\"><div class=\"col-sm-4 col-lg-4\"><a class=\"thumbnail img-thumbnail\" href='https:\/\/testovanie.pivovarerb.sk\/wp-content\/uploads\/2018\/03\/003-2.jpg'><img width=\"1000\" height=\"597\" src=\"https:\/\/testovanie.pivovarerb.sk\/wp-content\/uploads\/2018\/03\/003-2.jpg\" class=\"attachment-large size-large\" alt=\"\" decoding=\"async\" loading=\"lazy\" srcset=\"https:\/\/testovanie.pivovarerb.sk\/wp-content\/uploads\/2018\/03\/003-2.jpg 1000w, https:\/\/testovanie.pivovarerb.sk\/wp-content\/uploads\/2018\/03\/003-2-600x358.jpg 600w, https:\/\/testovanie.pivovarerb.sk\/wp-content\/uploads\/2018\/03\/003-2-768x458.jpg 768w, https:\/\/testovanie.pivovarerb.sk\/wp-content\/uploads\/2018\/03\/003-2-460x275.jpg 460w\" sizes=\"(max-width: 1000px) 100vw, 1000px\" \/><\/a><\/div><div class=\"col-sm-4 col-lg-4\"><a class=\"thumbnail img-thumbnail\" href='https:\/\/testovanie.pivovarerb.sk\/wp-content\/uploads\/2018\/03\/004-3.jpg'><img width=\"1000\" height=\"619\" src=\"https:\/\/testovanie.pivovarerb.sk\/wp-content\/uploads\/2018\/03\/004-3.jpg\" class=\"attachment-large size-large\" alt=\"\" decoding=\"async\" loading=\"lazy\" srcset=\"https:\/\/testovanie.pivovarerb.sk\/wp-content\/uploads\/2018\/03\/004-3.jpg 1000w, https:\/\/testovanie.pivovarerb.sk\/wp-content\/uploads\/2018\/03\/004-3-600x371.jpg 600w, https:\/\/testovanie.pivovarerb.sk\/wp-content\/uploads\/2018\/03\/004-3-768x475.jpg 768w\" sizes=\"(max-width: 1000px) 100vw, 1000px\" \/><\/a><\/div><div class=\"col-sm-4 col-lg-4\"><a class=\"thumbnail img-thumbnail\" href='https:\/\/testovanie.pivovarerb.sk\/wp-content\/uploads\/2018\/03\/005-2.jpg'><img width=\"1000\" height=\"630\" src=\"https:\/\/testovanie.pivovarerb.sk\/wp-content\/uploads\/2018\/03\/005-2.jpg\" class=\"attachment-large size-large\" alt=\"\" decoding=\"async\" loading=\"lazy\" srcset=\"https:\/\/testovanie.pivovarerb.sk\/wp-content\/uploads\/2018\/03\/005-2.jpg 1000w, https:\/\/testovanie.pivovarerb.sk\/wp-content\/uploads\/2018\/03\/005-2-600x378.jpg 600w, https:\/\/testovanie.pivovarerb.sk\/wp-content\/uploads\/2018\/03\/005-2-768x484.jpg 768w\" sizes=\"(max-width: 1000px) 100vw, 1000px\" \/><\/a><\/div><\/div><div class=\"row gallery-row\"><div class=\"col-sm-4 col-lg-4\"><a class=\"thumbnail img-thumbnail\" href='https:\/\/testovanie.pivovarerb.sk\/wp-content\/uploads\/2018\/03\/006-2.jpg'><img width=\"1000\" height=\"621\" src=\"https:\/\/testovanie.pivovarerb.sk\/wp-content\/uploads\/2018\/03\/006-2.jpg\" class=\"attachment-large size-large\" alt=\"\" decoding=\"async\" loading=\"lazy\" srcset=\"https:\/\/testovanie.pivovarerb.sk\/wp-content\/uploads\/2018\/03\/006-2.jpg 1000w, https:\/\/testovanie.pivovarerb.sk\/wp-content\/uploads\/2018\/03\/006-2-600x373.jpg 600w, https:\/\/testovanie.pivovarerb.sk\/wp-content\/uploads\/2018\/03\/006-2-768x477.jpg 768w\" sizes=\"(max-width: 1000px) 100vw, 1000px\" \/><\/a><\/div><div class=\"col-sm-4 col-lg-4\"><a class=\"thumbnail img-thumbnail\" href='https:\/\/testovanie.pivovarerb.sk\/wp-content\/uploads\/2018\/03\/007-2.jpg'><img width=\"1000\" height=\"580\" src=\"https:\/\/testovanie.pivovarerb.sk\/wp-content\/uploads\/2018\/03\/007-2.jpg\" class=\"attachment-large size-large\" alt=\"\" decoding=\"async\" loading=\"lazy\" srcset=\"https:\/\/testovanie.pivovarerb.sk\/wp-content\/uploads\/2018\/03\/007-2.jpg 1000w, https:\/\/testovanie.pivovarerb.sk\/wp-content\/uploads\/2018\/03\/007-2-600x348.jpg 600w, https:\/\/testovanie.pivovarerb.sk\/wp-content\/uploads\/2018\/03\/007-2-768x445.jpg 768w\" sizes=\"(max-width: 1000px) 100vw, 1000px\" \/><\/a><\/div><div class=\"col-sm-4 col-lg-4\"><a class=\"thumbnail img-thumbnail\" href='https:\/\/testovanie.pivovarerb.sk\/wp-content\/uploads\/2018\/03\/008-2.jpg'><img width=\"1000\" height=\"667\" src=\"https:\/\/testovanie.pivovarerb.sk\/wp-content\/uploads\/2018\/03\/008-2.jpg\" class=\"attachment-large size-large\" alt=\"\" decoding=\"async\" loading=\"lazy\" srcset=\"https:\/\/testovanie.pivovarerb.sk\/wp-content\/uploads\/2018\/03\/008-2.jpg 1000w, https:\/\/testovanie.pivovarerb.sk\/wp-content\/uploads\/2018\/03\/008-2-600x400.jpg 600w, https:\/\/testovanie.pivovarerb.sk\/wp-content\/uploads\/2018\/03\/008-2-768x512.jpg 768w\" sizes=\"(max-width: 1000px) 100vw, 1000px\" \/><\/a><\/div><\/div><div class=\"row gallery-row\"><div class=\"col-sm-4 col-lg-4\"><a class=\"thumbnail img-thumbnail\" href='https:\/\/testovanie.pivovarerb.sk\/wp-content\/uploads\/2018\/03\/009-2.jpg'><img width=\"1000\" height=\"667\" src=\"https:\/\/testovanie.pivovarerb.sk\/wp-content\/uploads\/2018\/03\/009-2.jpg\" class=\"attachment-large size-large\" alt=\"\" decoding=\"async\" loading=\"lazy\" srcset=\"https:\/\/testovanie.pivovarerb.sk\/wp-content\/uploads\/2018\/03\/009-2.jpg 1000w, https:\/\/testovanie.pivovarerb.sk\/wp-content\/uploads\/2018\/03\/009-2-600x400.jpg 600w, https:\/\/testovanie.pivovarerb.sk\/wp-content\/uploads\/2018\/03\/009-2-768x512.jpg 768w\" sizes=\"(max-width: 1000px) 100vw, 1000px\" \/><\/a><\/div><div class=\"col-sm-4 col-lg-4\"><a class=\"thumbnail img-thumbnail\" href='https:\/\/testovanie.pivovarerb.sk\/wp-content\/uploads\/2018\/03\/010-2.jpg'><img width=\"1000\" height=\"667\" src=\"https:\/\/testovanie.pivovarerb.sk\/wp-content\/uploads\/2018\/03\/010-2.jpg\" class=\"attachment-large size-large\" alt=\"\" decoding=\"async\" loading=\"lazy\" srcset=\"https:\/\/testovanie.pivovarerb.sk\/wp-content\/uploads\/2018\/03\/010-2.jpg 1000w, https:\/\/testovanie.pivovarerb.sk\/wp-content\/uploads\/2018\/03\/010-2-600x400.jpg 600w, https:\/\/testovanie.pivovarerb.sk\/wp-content\/uploads\/2018\/03\/010-2-768x512.jpg 768w\" sizes=\"(max-width: 1000px) 100vw, 1000px\" \/><\/a><\/div><div class=\"col-sm-4 col-lg-4\"><a class=\"thumbnail img-thumbnail\" href='https:\/\/testovanie.pivovarerb.sk\/wp-content\/uploads\/2018\/03\/011-2.jpg'><img width=\"1000\" height=\"617\" src=\"https:\/\/testovanie.pivovarerb.sk\/wp-content\/uploads\/2018\/03\/011-2.jpg\" class=\"attachment-large size-large\" alt=\"\" decoding=\"async\" loading=\"lazy\" srcset=\"https:\/\/testovanie.pivovarerb.sk\/wp-content\/uploads\/2018\/03\/011-2.jpg 1000w, https:\/\/testovanie.pivovarerb.sk\/wp-content\/uploads\/2018\/03\/011-2-600x370.jpg 600w, https:\/\/testovanie.pivovarerb.sk\/wp-content\/uploads\/2018\/03\/011-2-768x474.jpg 768w\" sizes=\"(max-width: 1000px) 100vw, 1000px\" \/><\/a><\/div><\/div><div class=\"row gallery-row\"><div class=\"col-sm-4 col-lg-4\"><a class=\"thumbnail img-thumbnail\" href='https:\/\/testovanie.pivovarerb.sk\/wp-content\/uploads\/2018\/03\/012-2.jpg'><img width=\"1000\" height=\"539\" src=\"https:\/\/testovanie.pivovarerb.sk\/wp-content\/uploads\/2018\/03\/012-2.jpg\" class=\"attachment-large size-large\" alt=\"\" decoding=\"async\" loading=\"lazy\" srcset=\"https:\/\/testovanie.pivovarerb.sk\/wp-content\/uploads\/2018\/03\/012-2.jpg 1000w, https:\/\/testovanie.pivovarerb.sk\/wp-content\/uploads\/2018\/03\/012-2-600x323.jpg 600w, https:\/\/testovanie.pivovarerb.sk\/wp-content\/uploads\/2018\/03\/012-2-768x414.jpg 768w\" sizes=\"(max-width: 1000px) 100vw, 1000px\" \/><\/a><\/div><div class=\"col-sm-4 col-lg-4\"><a class=\"thumbnail img-thumbnail\" href='https:\/\/testovanie.pivovarerb.sk\/wp-content\/uploads\/2018\/03\/013-2.jpg'><img width=\"1000\" height=\"651\" src=\"https:\/\/testovanie.pivovarerb.sk\/wp-content\/uploads\/2018\/03\/013-2.jpg\" class=\"attachment-large size-large\" alt=\"\" decoding=\"async\" loading=\"lazy\" srcset=\"https:\/\/testovanie.pivovarerb.sk\/wp-content\/uploads\/2018\/03\/013-2.jpg 1000w, https:\/\/testovanie.pivovarerb.sk\/wp-content\/uploads\/2018\/03\/013-2-600x391.jpg 600w, https:\/\/testovanie.pivovarerb.sk\/wp-content\/uploads\/2018\/03\/013-2-768x500.jpg 768w\" sizes=\"(max-width: 1000px) 100vw, 1000px\" \/><\/a><\/div><div class=\"col-sm-4 col-lg-4\"><a class=\"thumbnail img-thumbnail\" href='https:\/\/testovanie.pivovarerb.sk\/wp-content\/uploads\/2018\/03\/014-2.jpg'><img width=\"683\" height=\"1024\" src=\"https:\/\/testovanie.pivovarerb.sk\/wp-content\/uploads\/2018\/03\/014-2-683x1024.jpg\" class=\"attachment-large size-large\" alt=\"\" decoding=\"async\" loading=\"lazy\" srcset=\"https:\/\/testovanie.pivovarerb.sk\/wp-content\/uploads\/2018\/03\/014-2-683x1024.jpg 683w, https:\/\/testovanie.pivovarerb.sk\/wp-content\/uploads\/2018\/03\/014-2-600x900.jpg 600w, https:\/\/testovanie.pivovarerb.sk\/wp-content\/uploads\/2018\/03\/014-2-768x1152.jpg 768w, https:\/\/testovanie.pivovarerb.sk\/wp-content\/uploads\/2018\/03\/014-2-667x1000.jpg 667w, https:\/\/testovanie.pivovarerb.sk\/wp-content\/uploads\/2018\/03\/014-2.jpg 1000w\" sizes=\"(max-width: 683px) 100vw, 683px\" \/><\/a><\/div><\/div><div class=\"row gallery-row\"><div class=\"col-sm-4 col-lg-4\"><a class=\"thumbnail img-thumbnail\" href='https:\/\/testovanie.pivovarerb.sk\/wp-content\/uploads\/2018\/03\/019-2.jpg'><img width=\"1000\" height=\"667\" src=\"https:\/\/testovanie.pivovarerb.sk\/wp-content\/uploads\/2018\/03\/019-2.jpg\" class=\"attachment-large size-large\" alt=\"\" decoding=\"async\" loading=\"lazy\" srcset=\"https:\/\/testovanie.pivovarerb.sk\/wp-content\/uploads\/2018\/03\/019-2.jpg 1000w, https:\/\/testovanie.pivovarerb.sk\/wp-content\/uploads\/2018\/03\/019-2-600x400.jpg 600w, https:\/\/testovanie.pivovarerb.sk\/wp-content\/uploads\/2018\/03\/019-2-768x512.jpg 768w\" sizes=\"(max-width: 1000px) 100vw, 1000px\" \/><\/a><\/div><div class=\"col-sm-4 col-lg-4\"><a class=\"thumbnail img-thumbnail\" href='https:\/\/testovanie.pivovarerb.sk\/wp-content\/uploads\/2018\/03\/021-3.jpg'><img width=\"684\" height=\"1024\" src=\"https:\/\/testovanie.pivovarerb.sk\/wp-content\/uploads\/2018\/03\/021-3-684x1024.jpg\" class=\"attachment-large size-large\" alt=\"\" decoding=\"async\" loading=\"lazy\" srcset=\"https:\/\/testovanie.pivovarerb.sk\/wp-content\/uploads\/2018\/03\/021-3-684x1024.jpg 684w, https:\/\/testovanie.pivovarerb.sk\/wp-content\/uploads\/2018\/03\/021-3-600x899.jpg 600w, https:\/\/testovanie.pivovarerb.sk\/wp-content\/uploads\/2018\/03\/021-3-768x1150.jpg 768w, https:\/\/testovanie.pivovarerb.sk\/wp-content\/uploads\/2018\/03\/021-3-668x1000.jpg 668w, https:\/\/testovanie.pivovarerb.sk\/wp-content\/uploads\/2018\/03\/021-3.jpg 1000w\" sizes=\"(max-width: 684px) 100vw, 684px\" \/><\/a><\/div><div class=\"col-sm-4 col-lg-4\"><a class=\"thumbnail img-thumbnail\" href='https:\/\/testovanie.pivovarerb.sk\/wp-content\/uploads\/2018\/03\/erb_ludia_a_priestory__099-e1485807415335.jpg'><img width=\"1024\" height=\"683\" src=\"https:\/\/testovanie.pivovarerb.sk\/wp-content\/uploads\/2018\/03\/erb_ludia_a_priestory__099-e1485807415335-1024x683.jpg\" class=\"attachment-large size-large\" alt=\"\" decoding=\"async\" loading=\"lazy\" srcset=\"https:\/\/testovanie.pivovarerb.sk\/wp-content\/uploads\/2018\/03\/erb_ludia_a_priestory__099-e1485807415335-1024x683.jpg 1024w, https:\/\/testovanie.pivovarerb.sk\/wp-content\/uploads\/2018\/03\/erb_ludia_a_priestory__099-e1485807415335-1000x667.jpg 1000w, https:\/\/testovanie.pivovarerb.sk\/wp-content\/uploads\/2018\/03\/erb_ludia_a_priestory__099-e1485807415335-600x400.jpg 600w, https:\/\/testovanie.pivovarerb.sk\/wp-content\/uploads\/2018\/03\/erb_ludia_a_priestory__099-e1485807415335-768x512.jpg 768w, https:\/\/testovanie.pivovarerb.sk\/wp-content\/uploads\/2018\/03\/erb_ludia_a_priestory__099-e1485807415335.jpg 1600w\" sizes=\"(max-width: 1024px) 100vw, 1024px\" \/><\/a><\/div><\/div><div class=\"row gallery-row\"><div class=\"col-sm-4 col-lg-4\"><a class=\"thumbnail img-thumbnail\" href='https:\/\/testovanie.pivovarerb.sk\/wp-content\/uploads\/2018\/03\/erb_ludia_a_priestory__100.jpg'><img width=\"1000\" height=\"667\" src=\"https:\/\/testovanie.pivovarerb.sk\/wp-content\/uploads\/2018\/03\/erb_ludia_a_priestory__100.jpg\" class=\"attachment-large size-large\" alt=\"\" decoding=\"async\" loading=\"lazy\" srcset=\"https:\/\/testovanie.pivovarerb.sk\/wp-content\/uploads\/2018\/03\/erb_ludia_a_priestory__100.jpg 1000w, https:\/\/testovanie.pivovarerb.sk\/wp-content\/uploads\/2018\/03\/erb_ludia_a_priestory__100-600x400.jpg 600w, https:\/\/testovanie.pivovarerb.sk\/wp-content\/uploads\/2018\/03\/erb_ludia_a_priestory__100-768x512.jpg 768w\" sizes=\"(max-width: 1000px) 100vw, 1000px\" \/><\/a><\/div><div class=\"col-sm-4 col-lg-4\"><a class=\"thumbnail img-thumbnail\" href='https:\/\/testovanie.pivovarerb.sk\/wp-content\/uploads\/2018\/03\/erb-fasada_vecer.jpg'><img width=\"1024\" height=\"700\" src=\"https:\/\/testovanie.pivovarerb.sk\/wp-content\/uploads\/2018\/03\/erb-fasada_vecer-1024x700.jpg\" class=\"attachment-large size-large\" alt=\"\" decoding=\"async\" loading=\"lazy\" srcset=\"https:\/\/testovanie.pivovarerb.sk\/wp-content\/uploads\/2018\/03\/erb-fasada_vecer-1024x700.jpg 1024w, https:\/\/testovanie.pivovarerb.sk\/wp-content\/uploads\/2018\/03\/erb-fasada_vecer-1000x683.jpg 1000w, https:\/\/testovanie.pivovarerb.sk\/wp-content\/uploads\/2018\/03\/erb-fasada_vecer-600x410.jpg 600w, https:\/\/testovanie.pivovarerb.sk\/wp-content\/uploads\/2018\/03\/erb-fasada_vecer-768x525.jpg 768w, https:\/\/testovanie.pivovarerb.sk\/wp-content\/uploads\/2018\/03\/erb-fasada_vecer.jpg 1600w\" sizes=\"(max-width: 1024px) 100vw, 1024px\" \/><\/a><\/div><\/div><\/div>\n","protected":false},"excerpt":{"rendered":"<p>The restaurant is the upper floor of the building housing our brewery. It is part of the brewing house \u2013 the soul of the brewery where the beer brewing process begins.<\/p>\n","protected":false},"author":1,"featured_media":0,"parent":534,"menu_order":66,"comment_status":"closed","ping_status":"closed","template":"","meta":{"footnotes":""},"acf":[],"yoast_head":"<!-- This site is optimized with the Yoast SEO plugin v20.1 - https:\/\/yoast.com\/wordpress\/plugins\/seo\/ -->\n<title>Gallery - Pivovar ERB<\/title>\n<meta name=\"robots\" content=\"index, follow, max-snippet:-1, max-image-preview:large, max-video-preview:-1\" \/>\n<link rel=\"canonical\" href=\"https:\/\/pivovarerb.sk\/en\/restaurant\/gallery\/\" \/>\n<meta property=\"og:locale\" content=\"en_US\" \/>\n<meta property=\"og:type\" content=\"article\" \/>\n<meta property=\"og:title\" content=\"Gallery - Pivovar ERB\" \/>\n<meta property=\"og:description\" content=\"The restaurant is the upper floor of the building housing our brewery. It is part of the brewing house \u2013 the soul of the brewery where the beer brewing process begins.\" \/>\n<meta property=\"og:url\" content=\"https:\/\/pivovarerb.sk\/en\/restaurant\/gallery\/\" \/>\n<meta property=\"og:site_name\" content=\"Pivovar ERB\" \/>\n<meta property=\"article:modified_time\" content=\"2018-03-14T08:41:12+00:00\" \/>\n<meta property=\"og:image\" content=\"https:\/\/pivovarerb.sk\/wp-content\/uploads\/2018\/03\/003-2.jpg\" \/>\n<meta name=\"twitter:card\" content=\"summary_large_image\" \/>\n<script type=\"application\/ld+json\" class=\"yoast-schema-graph\">{\"@context\":\"https:\/\/schema.org\",\"@graph\":[{\"@type\":\"WebPage\",\"@id\":\"https:\/\/pivovarerb.sk\/en\/restaurant\/gallery\/\",\"url\":\"https:\/\/pivovarerb.sk\/en\/restaurant\/gallery\/\",\"name\":\"Gallery - Pivovar ERB\",\"isPartOf\":{\"@id\":\"https:\/\/testovanie.pivovarerb.sk\/#website\"},\"datePublished\":\"2018-03-14T08:36:19+00:00\",\"dateModified\":\"2018-03-14T08:41:12+00:00\",\"breadcrumb\":{\"@id\":\"https:\/\/pivovarerb.sk\/en\/restaurant\/gallery\/#breadcrumb\"},\"inLanguage\":\"ENH\",\"potentialAction\":[{\"@type\":\"ReadAction\",\"target\":[\"https:\/\/pivovarerb.sk\/en\/restaurant\/gallery\/\"]}]},{\"@type\":\"BreadcrumbList\",\"@id\":\"https:\/\/pivovarerb.sk\/en\/restaurant\/gallery\/#breadcrumb\",\"itemListElement\":[{\"@type\":\"ListItem\",\"position\":1,\"name\":\"Restaurant\",\"item\":\"https:\/\/pivovarerb.sk\/en\/restaurant\/\"},{\"@type\":\"ListItem\",\"position\":2,\"name\":\"Gallery\"}]},{\"@type\":\"WebSite\",\"@id\":\"https:\/\/testovanie.pivovarerb.sk\/#website\",\"url\":\"https:\/\/testovanie.pivovarerb.sk\/\",\"name\":\"Pivovar ERB\",\"description\":\"Bu\u010fte n\u00e1ro\u010dn\u00ed.\",\"potentialAction\":[{\"@type\":\"SearchAction\",\"target\":{\"@type\":\"EntryPoint\",\"urlTemplate\":\"https:\/\/testovanie.pivovarerb.sk\/?s={search_term_string}\"},\"query-input\":\"required name=search_term_string\"}],\"inLanguage\":\"ENH\"}]}<\/script>\n<!-- \/ Yoast SEO plugin. -->","yoast_head_json":{"title":"Gallery - Pivovar ERB","robots":{"index":"index","follow":"follow","max-snippet":"max-snippet:-1","max-image-preview":"max-image-preview:large","max-video-preview":"max-video-preview:-1"},"canonical":"https:\/\/pivovarerb.sk\/en\/restaurant\/gallery\/","og_locale":"en_US","og_type":"article","og_title":"Gallery - Pivovar ERB","og_description":"The restaurant is the upper floor of the building housing our brewery. It is part of the brewing house \u2013 the soul of the brewery where the beer brewing process begins.","og_url":"https:\/\/pivovarerb.sk\/en\/restaurant\/gallery\/","og_site_name":"Pivovar ERB","article_modified_time":"2018-03-14T08:41:12+00:00","og_image":[{"url":"https:\/\/pivovarerb.sk\/wp-content\/uploads\/2018\/03\/003-2.jpg"}],"twitter_card":"summary_large_image","schema":{"@context":"https:\/\/schema.org","@graph":[{"@type":"WebPage","@id":"https:\/\/pivovarerb.sk\/en\/restaurant\/gallery\/","url":"https:\/\/pivovarerb.sk\/en\/restaurant\/gallery\/","name":"Gallery - Pivovar ERB","isPartOf":{"@id":"https:\/\/testovanie.pivovarerb.sk\/#website"},"datePublished":"2018-03-14T08:36:19+00:00","dateModified":"2018-03-14T08:41:12+00:00","breadcrumb":{"@id":"https:\/\/pivovarerb.sk\/en\/restaurant\/gallery\/#breadcrumb"},"inLanguage":"ENH","potentialAction":[{"@type":"ReadAction","target":["https:\/\/pivovarerb.sk\/en\/restaurant\/gallery\/"]}]},{"@type":"BreadcrumbList","@id":"https:\/\/pivovarerb.sk\/en\/restaurant\/gallery\/#breadcrumb","itemListElement":[{"@type":"ListItem","position":1,"name":"Restaurant","item":"https:\/\/pivovarerb.sk\/en\/restaurant\/"},{"@type":"ListItem","position":2,"name":"Gallery"}]},{"@type":"WebSite","@id":"https:\/\/testovanie.pivovarerb.sk\/#website","url":"https:\/\/testovanie.pivovarerb.sk\/","name":"Pivovar ERB","description":"Bu\u010fte n\u00e1ro\u010dn\u00ed.","potentialAction":[{"@type":"SearchAction","target":{"@type":"EntryPoint","urlTemplate":"https:\/\/testovanie.pivovarerb.sk\/?s={search_term_string}"},"query-input":"required name=search_term_string"}],"inLanguage":"ENH"}]}},"_links":{"self":[{"href":"https:\/\/testovanie.pivovarerb.sk\/en\/wp-json\/wp\/v2\/pages\/10203"}],"collection":[{"href":"https:\/\/testovanie.pivovarerb.sk\/en\/wp-json\/wp\/v2\/pages"}],"about":[{"href":"https:\/\/testovanie.pivovarerb.sk\/en\/wp-json\/wp\/v2\/types\/page"}],"author":[{"embeddable":true,"href":"https:\/\/testovanie.pivovarerb.sk\/en\/wp-json\/wp\/v2\/users\/1"}],"replies":[{"embeddable":true,"href":"https:\/\/testovanie.pivovarerb.sk\/en\/wp-json\/wp\/v2\/comments?post=10203"}],"version-history":[{"count":4,"href":"https:\/\/testovanie.pivovarerb.sk\/en\/wp-json\/wp\/v2\/pages\/10203\/revisions"}],"predecessor-version":[{"id":10208,"href":"https:\/\/testovanie.pivovarerb.sk\/en\/wp-json\/wp\/v2\/pages\/10203\/revisions\/10208"}],"up":[{"embeddable":true,"href":"https:\/\/testovanie.pivovarerb.sk\/en\/wp-json\/wp\/v2\/pages\/534"}],"wp:attachment":[{"href":"https:\/\/testovanie.pivovarerb.sk\/en\/wp-json\/wp\/v2\/media?parent=10203"}],"curies":[{"name":"wp","href":"https:\/\/api.w.org\/{rel}","templated":true}]}}