{"id":3298,"date":"2016-11-06T17:42:11","date_gmt":"2016-11-06T15:42:11","guid":{"rendered":"http:\/\/pivovarerb.sk\/?page_id=3298\/"},"modified":"2017-02-08T17:20:57","modified_gmt":"2017-02-08T16:20:57","slug":"gallery","status":"publish","type":"page","link":"https:\/\/testovanie.pivovarerb.sk\/en\/brewery\/gallery\/","title":{"rendered":"Gallery"},"content":{"rendered":"<blockquote>\n<p style=\"text-align: left;\">Take a look at where ERB beer originates in our photo gallery.<\/p>\n<\/blockquote>\n<div class=\"gallery gallery-3298-1\"><div class=\"row gallery-row\"><div class=\"col-sm-4 col-lg-4\"><a class=\"thumbnail img-thumbnail\" href='https:\/\/testovanie.pivovarerb.sk\/wp-content\/uploads\/2016\/11\/pwh_9883_1-kopia-scaled.jpg'><img width=\"179\" height=\"150\" src=\"https:\/\/testovanie.pivovarerb.sk\/wp-content\/uploads\/2016\/11\/pwh_9883_1-kopia-179x150.jpg\" class=\"attachment-medium size-medium\" alt=\"\" decoding=\"async\" loading=\"lazy\" \/><\/a><\/div><div class=\"col-sm-4 col-lg-4\"><a class=\"thumbnail img-thumbnail\" href='https:\/\/testovanie.pivovarerb.sk\/wp-content\/uploads\/2016\/11\/pivovar-erb-7.jpg'><img width=\"179\" height=\"150\" src=\"https:\/\/testovanie.pivovarerb.sk\/wp-content\/uploads\/2016\/11\/pivovar-erb-7-179x150.jpg\" class=\"attachment-medium size-medium\" alt=\"\" decoding=\"async\" loading=\"lazy\" \/><\/a><\/div><div class=\"col-sm-4 col-lg-4\"><a class=\"thumbnail img-thumbnail\" href='https:\/\/testovanie.pivovarerb.sk\/wp-content\/uploads\/2016\/11\/erb_ludia_a_priestory__039_leziacka_pivnica.jpg'><img width=\"179\" height=\"150\" src=\"https:\/\/testovanie.pivovarerb.sk\/wp-content\/uploads\/2016\/11\/erb_ludia_a_priestory__039_leziacka_pivnica-179x150.jpg\" class=\"attachment-medium size-medium\" alt=\"\" decoding=\"async\" loading=\"lazy\" \/><\/a><\/div><\/div><div class=\"row gallery-row\"><div class=\"col-sm-4 col-lg-4\"><a class=\"thumbnail img-thumbnail\" href='https:\/\/testovanie.pivovarerb.sk\/wp-content\/uploads\/2016\/11\/pivovar-erb-5.jpg'><img width=\"179\" height=\"150\" src=\"https:\/\/testovanie.pivovarerb.sk\/wp-content\/uploads\/2016\/11\/pivovar-erb-5-179x150.jpg\" class=\"attachment-medium size-medium\" alt=\"\" decoding=\"async\" loading=\"lazy\" \/><\/a><\/div><div class=\"col-sm-4 col-lg-4\"><a class=\"thumbnail img-thumbnail\" href='https:\/\/testovanie.pivovarerb.sk\/wp-content\/uploads\/2016\/11\/pivovar-erb-1.jpg'><img width=\"179\" height=\"150\" src=\"https:\/\/testovanie.pivovarerb.sk\/wp-content\/uploads\/2016\/11\/pivovar-erb-1-179x150.jpg\" class=\"attachment-medium size-medium\" alt=\"\" decoding=\"async\" loading=\"lazy\" \/><\/a><\/div><div class=\"col-sm-4 col-lg-4\"><a class=\"thumbnail img-thumbnail\" href='https:\/\/testovanie.pivovarerb.sk\/wp-content\/uploads\/2016\/11\/pivovar-erb-8.jpg'><img width=\"179\" height=\"150\" src=\"https:\/\/testovanie.pivovarerb.sk\/wp-content\/uploads\/2016\/11\/pivovar-erb-8-179x150.jpg\" class=\"attachment-medium size-medium\" alt=\"\" decoding=\"async\" loading=\"lazy\" \/><\/a><\/div><\/div><div class=\"row gallery-row\"><div class=\"col-sm-4 col-lg-4\"><a class=\"thumbnail img-thumbnail\" href='https:\/\/testovanie.pivovarerb.sk\/wp-content\/uploads\/2016\/11\/pivovar-erb-2.jpg'><img width=\"179\" height=\"150\" src=\"https:\/\/testovanie.pivovarerb.sk\/wp-content\/uploads\/2016\/11\/pivovar-erb-2-179x150.jpg\" class=\"attachment-medium size-medium\" alt=\"\" decoding=\"async\" loading=\"lazy\" \/><\/a><\/div><div class=\"col-sm-4 col-lg-4\"><a class=\"thumbnail img-thumbnail\" href='https:\/\/testovanie.pivovarerb.sk\/wp-content\/uploads\/2016\/11\/pivovar-erb-3.jpg'><img width=\"179\" height=\"150\" src=\"https:\/\/testovanie.pivovarerb.sk\/wp-content\/uploads\/2016\/11\/pivovar-erb-3-179x150.jpg\" class=\"attachment-medium size-medium\" alt=\"\" decoding=\"async\" loading=\"lazy\" \/><\/a><\/div><div class=\"col-sm-4 col-lg-4\"><a class=\"thumbnail img-thumbnail\" href='https:\/\/testovanie.pivovarerb.sk\/wp-content\/uploads\/2016\/11\/erb_ludia_a_priestory__002_jano-e1485809148771.jpg'><img width=\"179\" height=\"150\" src=\"https:\/\/testovanie.pivovarerb.sk\/wp-content\/uploads\/2016\/11\/erb_ludia_a_priestory__002_jano-e1485809148771-179x150.jpg\" class=\"attachment-medium size-medium\" alt=\"\" decoding=\"async\" loading=\"lazy\" \/><\/a><\/div><\/div><div class=\"row gallery-row\"><div class=\"col-sm-4 col-lg-4\"><a class=\"thumbnail img-thumbnail\" href='https:\/\/testovanie.pivovarerb.sk\/wp-content\/uploads\/2016\/11\/erb_ludia_a_priestory__020_zuzka-e1485809124987.jpg'><img width=\"179\" height=\"150\" src=\"https:\/\/testovanie.pivovarerb.sk\/wp-content\/uploads\/2016\/11\/erb_ludia_a_priestory__020_zuzka-e1485809124987-179x150.jpg\" class=\"attachment-medium size-medium\" alt=\"\" decoding=\"async\" loading=\"lazy\" \/><\/a><\/div><div class=\"col-sm-4 col-lg-4\"><a class=\"thumbnail img-thumbnail\" href='https:\/\/testovanie.pivovarerb.sk\/wp-content\/uploads\/2016\/11\/erb_ludia_a_priestory__065_matus-e1485809136208.jpg'><img width=\"179\" height=\"150\" src=\"https:\/\/testovanie.pivovarerb.sk\/wp-content\/uploads\/2016\/11\/erb_ludia_a_priestory__065_matus-e1485809136208-179x150.jpg\" class=\"attachment-medium size-medium\" alt=\"\" decoding=\"async\" loading=\"lazy\" \/><\/a><\/div><div class=\"col-sm-4 col-lg-4\"><a class=\"thumbnail img-thumbnail\" href='https:\/\/testovanie.pivovarerb.sk\/wp-content\/uploads\/2016\/11\/erb_ludia_a_priestory__008_dominik-e1485809161264.jpg'><img width=\"179\" height=\"150\" src=\"https:\/\/testovanie.pivovarerb.sk\/wp-content\/uploads\/2016\/11\/erb_ludia_a_priestory__008_dominik-e1485809161264-179x150.jpg\" class=\"attachment-medium size-medium\" alt=\"\" decoding=\"async\" loading=\"lazy\" \/><\/a><\/div><\/div><div class=\"row gallery-row\"><div class=\"col-sm-4 col-lg-4\"><a class=\"thumbnail img-thumbnail\" href='https:\/\/testovanie.pivovarerb.sk\/wp-content\/uploads\/2016\/11\/erb_ludia_a_priestory__032_simon-e1485809174653.jpg'><img width=\"179\" height=\"150\" src=\"https:\/\/testovanie.pivovarerb.sk\/wp-content\/uploads\/2016\/11\/erb_ludia_a_priestory__032_simon-e1485809174653-179x150.jpg\" class=\"attachment-medium size-medium\" alt=\"\" decoding=\"async\" loading=\"lazy\" \/><\/a><\/div><div class=\"col-sm-4 col-lg-4\"><a class=\"thumbnail img-thumbnail\" href='https:\/\/testovanie.pivovarerb.sk\/wp-content\/uploads\/2016\/11\/erb_ludia_a_priestory__035-scaled.jpg'><img width=\"179\" height=\"150\" src=\"https:\/\/testovanie.pivovarerb.sk\/wp-content\/uploads\/2016\/11\/erb_ludia_a_priestory__035-179x150.jpg\" class=\"attachment-medium size-medium\" alt=\"\" decoding=\"async\" loading=\"lazy\" \/><\/a><\/div><\/div><\/div>\n","protected":false},"excerpt":{"rendered":"<p>Take a look at where ERB beer originates in our photo gallery.<\/p>\n","protected":false},"author":1,"featured_media":0,"parent":463,"menu_order":57,"comment_status":"closed","ping_status":"closed","template":"","meta":{"footnotes":""},"acf":[],"yoast_head":"<!-- This site is optimized with the Yoast SEO plugin v20.1 - https:\/\/yoast.com\/wordpress\/plugins\/seo\/ -->\n<title>Gallery - Pivovar ERB<\/title>\n<meta name=\"robots\" content=\"index, follow, max-snippet:-1, max-image-preview:large, max-video-preview:-1\" \/>\n<link rel=\"canonical\" href=\"https:\/\/pivovarerb.sk\/en\/brewery\/gallery\/\" \/>\n<meta property=\"og:locale\" content=\"en_US\" \/>\n<meta property=\"og:type\" content=\"article\" \/>\n<meta property=\"og:title\" content=\"Gallery - Pivovar ERB\" \/>\n<meta property=\"og:description\" content=\"Take a look at where ERB beer originates in our photo gallery.\" \/>\n<meta property=\"og:url\" content=\"https:\/\/pivovarerb.sk\/en\/brewery\/gallery\/\" \/>\n<meta property=\"og:site_name\" content=\"Pivovar ERB\" \/>\n<meta property=\"article:modified_time\" content=\"2017-02-08T16:20:57+00:00\" \/>\n<meta property=\"og:image\" content=\"https:\/\/pivovarerb.sk\/wp-content\/uploads\/2016\/11\/pwh_9883_1-kopia-179x150.jpg\" \/>\n<meta name=\"twitter:card\" content=\"summary_large_image\" \/>\n<script type=\"application\/ld+json\" class=\"yoast-schema-graph\">{\"@context\":\"https:\/\/schema.org\",\"@graph\":[{\"@type\":\"WebPage\",\"@id\":\"https:\/\/pivovarerb.sk\/en\/brewery\/gallery\/\",\"url\":\"https:\/\/pivovarerb.sk\/en\/brewery\/gallery\/\",\"name\":\"Gallery - Pivovar ERB\",\"isPartOf\":{\"@id\":\"https:\/\/testovanie.pivovarerb.sk\/#website\"},\"datePublished\":\"2016-11-06T15:42:11+00:00\",\"dateModified\":\"2017-02-08T16:20:57+00:00\",\"breadcrumb\":{\"@id\":\"https:\/\/pivovarerb.sk\/en\/brewery\/gallery\/#breadcrumb\"},\"inLanguage\":\"ENH\",\"potentialAction\":[{\"@type\":\"ReadAction\",\"target\":[\"https:\/\/pivovarerb.sk\/en\/brewery\/gallery\/\"]}]},{\"@type\":\"BreadcrumbList\",\"@id\":\"https:\/\/pivovarerb.sk\/en\/brewery\/gallery\/#breadcrumb\",\"itemListElement\":[{\"@type\":\"ListItem\",\"position\":1,\"name\":\"Brewery\",\"item\":\"https:\/\/pivovarerb.sk\/en\/brewery\/\"},{\"@type\":\"ListItem\",\"position\":2,\"name\":\"Gallery\"}]},{\"@type\":\"WebSite\",\"@id\":\"https:\/\/testovanie.pivovarerb.sk\/#website\",\"url\":\"https:\/\/testovanie.pivovarerb.sk\/\",\"name\":\"Pivovar ERB\",\"description\":\"Bu\u010fte n\u00e1ro\u010dn\u00ed.\",\"potentialAction\":[{\"@type\":\"SearchAction\",\"target\":{\"@type\":\"EntryPoint\",\"urlTemplate\":\"https:\/\/testovanie.pivovarerb.sk\/?s={search_term_string}\"},\"query-input\":\"required name=search_term_string\"}],\"inLanguage\":\"ENH\"}]}<\/script>\n<!-- \/ Yoast SEO plugin. -->","yoast_head_json":{"title":"Gallery - Pivovar ERB","robots":{"index":"index","follow":"follow","max-snippet":"max-snippet:-1","max-image-preview":"max-image-preview:large","max-video-preview":"max-video-preview:-1"},"canonical":"https:\/\/pivovarerb.sk\/en\/brewery\/gallery\/","og_locale":"en_US","og_type":"article","og_title":"Gallery - Pivovar ERB","og_description":"Take a look at where ERB beer originates in our photo gallery.","og_url":"https:\/\/pivovarerb.sk\/en\/brewery\/gallery\/","og_site_name":"Pivovar ERB","article_modified_time":"2017-02-08T16:20:57+00:00","og_image":[{"url":"https:\/\/pivovarerb.sk\/wp-content\/uploads\/2016\/11\/pwh_9883_1-kopia-179x150.jpg"}],"twitter_card":"summary_large_image","schema":{"@context":"https:\/\/schema.org","@graph":[{"@type":"WebPage","@id":"https:\/\/pivovarerb.sk\/en\/brewery\/gallery\/","url":"https:\/\/pivovarerb.sk\/en\/brewery\/gallery\/","name":"Gallery - Pivovar ERB","isPartOf":{"@id":"https:\/\/testovanie.pivovarerb.sk\/#website"},"datePublished":"2016-11-06T15:42:11+00:00","dateModified":"2017-02-08T16:20:57+00:00","breadcrumb":{"@id":"https:\/\/pivovarerb.sk\/en\/brewery\/gallery\/#breadcrumb"},"inLanguage":"ENH","potentialAction":[{"@type":"ReadAction","target":["https:\/\/pivovarerb.sk\/en\/brewery\/gallery\/"]}]},{"@type":"BreadcrumbList","@id":"https:\/\/pivovarerb.sk\/en\/brewery\/gallery\/#breadcrumb","itemListElement":[{"@type":"ListItem","position":1,"name":"Brewery","item":"https:\/\/pivovarerb.sk\/en\/brewery\/"},{"@type":"ListItem","position":2,"name":"Gallery"}]},{"@type":"WebSite","@id":"https:\/\/testovanie.pivovarerb.sk\/#website","url":"https:\/\/testovanie.pivovarerb.sk\/","name":"Pivovar ERB","description":"Bu\u010fte n\u00e1ro\u010dn\u00ed.","potentialAction":[{"@type":"SearchAction","target":{"@type":"EntryPoint","urlTemplate":"https:\/\/testovanie.pivovarerb.sk\/?s={search_term_string}"},"query-input":"required name=search_term_string"}],"inLanguage":"ENH"}]}},"_links":{"self":[{"href":"https:\/\/testovanie.pivovarerb.sk\/en\/wp-json\/wp\/v2\/pages\/3298"}],"collection":[{"href":"https:\/\/testovanie.pivovarerb.sk\/en\/wp-json\/wp\/v2\/pages"}],"about":[{"href":"https:\/\/testovanie.pivovarerb.sk\/en\/wp-json\/wp\/v2\/types\/page"}],"author":[{"embeddable":true,"href":"https:\/\/testovanie.pivovarerb.sk\/en\/wp-json\/wp\/v2\/users\/1"}],"replies":[{"embeddable":true,"href":"https:\/\/testovanie.pivovarerb.sk\/en\/wp-json\/wp\/v2\/comments?post=3298"}],"version-history":[{"count":0,"href":"https:\/\/testovanie.pivovarerb.sk\/en\/wp-json\/wp\/v2\/pages\/3298\/revisions"}],"up":[{"embeddable":true,"href":"https:\/\/testovanie.pivovarerb.sk\/en\/wp-json\/wp\/v2\/pages\/463"}],"wp:attachment":[{"href":"https:\/\/testovanie.pivovarerb.sk\/en\/wp-json\/wp\/v2\/media?parent=3298"}],"curies":[{"name":"wp","href":"https:\/\/api.w.org\/{rel}","templated":true}]}}