{"id":3303,"date":"2017-02-07T15:09:50","date_gmt":"2017-02-07T14:09:50","guid":{"rendered":"http:\/\/pivovarerb.sk\/?page_id=3303\/"},"modified":"2017-02-07T15:52:49","modified_gmt":"2017-02-07T14:52:49","slug":"story","status":"publish","type":"page","link":"https:\/\/testovanie.pivovarerb.sk\/en\/restaurant\/story\/","title":{"rendered":"The story of the restaurant"},"content":{"rendered":"<p><img decoding=\"async\" loading=\"lazy\" class=\"alignnone size-full wp-image-3128\" src=\"http:\/\/pivovarerb.sk\/wp-content\/uploads\/2016\/12\/erb_ludia_a_priestory__107-e1485807299242.jpg\" alt=\"ERB_ludia_a_priestory__107\" width=\"1600\" height=\"1067\" srcset=\"https:\/\/testovanie.pivovarerb.sk\/wp-content\/uploads\/2016\/12\/erb_ludia_a_priestory__107-e1485807299242.jpg 1600w, https:\/\/testovanie.pivovarerb.sk\/wp-content\/uploads\/2016\/12\/erb_ludia_a_priestory__107-e1485807299242-1000x667.jpg 1000w, https:\/\/testovanie.pivovarerb.sk\/wp-content\/uploads\/2016\/12\/erb_ludia_a_priestory__107-e1485807299242-600x400.jpg 600w, https:\/\/testovanie.pivovarerb.sk\/wp-content\/uploads\/2016\/12\/erb_ludia_a_priestory__107-e1485807299242-768x512.jpg 768w, https:\/\/testovanie.pivovarerb.sk\/wp-content\/uploads\/2016\/12\/erb_ludia_a_priestory__107-e1485807299242-1024x683.jpg 1024w\" sizes=\"(max-width: 1600px) 100vw, 1600px\" \/><\/p>\n<h5>The original aim of the restaurant was completely different from what it is today. The owner of the brewery originally intended to create a cosy and comfortable \u201cpub\u201d where people going to work in a suit can sit down in the evening and have a good beer.<\/h5>\n<p>The size of the kitchen (2 x 3 metres) was adjusted to this aim. Only two meals were to be offered to guests \u2013 Pickled Hermelin Cheese and Pickled Sausages. Right before introducing the concept, the management, however, decided to include more than just two snacks to go with beer. So, the concept of the kitchen switched positively to serving dishes \u00e0 la carte.<\/p>\n<p>The restaurant together with the kitchen has been led for 5 years by M\u00e1ria Siv\u00e1kov\u00e1, daughter of the owner and wife of the brewery&#8217;s business director, Ing. Jozef Siv\u00e1k. The restaurant team, including the kitchen staff, has 14 members, many of whom have been working in the front lines from the very beginning.<\/p>\n","protected":false},"excerpt":{"rendered":"<p>The original aim of the restaurant was completely different from what it is today. The owner of the brewery originally intended to create a cosy and comfortable \u201cpub\u201d where people going to work in a suit can sit down in the evening and have a good beer. The size of the kitchen (2 x 3<\/p>\n","protected":false},"author":1,"featured_media":0,"parent":534,"menu_order":64,"comment_status":"closed","ping_status":"closed","template":"","meta":{"footnotes":""},"acf":[],"yoast_head":"<!-- This site is optimized with the Yoast SEO plugin v20.1 - https:\/\/yoast.com\/wordpress\/plugins\/seo\/ -->\n<title>The story of the restaurant - Pivovar ERB<\/title>\n<meta name=\"robots\" content=\"index, follow, max-snippet:-1, max-image-preview:large, max-video-preview:-1\" \/>\n<link rel=\"canonical\" href=\"https:\/\/pivovarerb.sk\/en\/restaurant\/story\/\" \/>\n<meta property=\"og:locale\" content=\"en_US\" \/>\n<meta property=\"og:type\" content=\"article\" \/>\n<meta property=\"og:title\" content=\"The story of the restaurant - Pivovar ERB\" \/>\n<meta property=\"og:description\" content=\"The original aim of the restaurant was completely different from what it is today. The owner of the brewery originally intended to create a cosy and comfortable \u201cpub\u201d where people going to work in a suit can sit down in the evening and have a good beer. The size of the kitchen (2 x 3\" \/>\n<meta property=\"og:url\" content=\"https:\/\/pivovarerb.sk\/en\/restaurant\/story\/\" \/>\n<meta property=\"og:site_name\" content=\"Pivovar ERB\" \/>\n<meta property=\"article:modified_time\" content=\"2017-02-07T14:52:49+00:00\" \/>\n<meta property=\"og:image\" content=\"http:\/\/pivovarerb.sk\/wp-content\/uploads\/2016\/12\/erb_ludia_a_priestory__107-e1485807299242.jpg\" \/>\n<meta name=\"twitter:card\" content=\"summary_large_image\" \/>\n<meta name=\"twitter:label1\" content=\"Est. reading time\" \/>\n\t<meta name=\"twitter:data1\" content=\"1 minute\" \/>\n<script type=\"application\/ld+json\" class=\"yoast-schema-graph\">{\"@context\":\"https:\/\/schema.org\",\"@graph\":[{\"@type\":\"WebPage\",\"@id\":\"https:\/\/pivovarerb.sk\/en\/restaurant\/story\/\",\"url\":\"https:\/\/pivovarerb.sk\/en\/restaurant\/story\/\",\"name\":\"The story of the restaurant - Pivovar ERB\",\"isPartOf\":{\"@id\":\"https:\/\/testovanie.pivovarerb.sk\/#website\"},\"datePublished\":\"2017-02-07T14:09:50+00:00\",\"dateModified\":\"2017-02-07T14:52:49+00:00\",\"breadcrumb\":{\"@id\":\"https:\/\/pivovarerb.sk\/en\/restaurant\/story\/#breadcrumb\"},\"inLanguage\":\"ENH\",\"potentialAction\":[{\"@type\":\"ReadAction\",\"target\":[\"https:\/\/pivovarerb.sk\/en\/restaurant\/story\/\"]}]},{\"@type\":\"BreadcrumbList\",\"@id\":\"https:\/\/pivovarerb.sk\/en\/restaurant\/story\/#breadcrumb\",\"itemListElement\":[{\"@type\":\"ListItem\",\"position\":1,\"name\":\"Restaurant\",\"item\":\"https:\/\/pivovarerb.sk\/en\/restaurant\/\"},{\"@type\":\"ListItem\",\"position\":2,\"name\":\"The story of the restaurant\"}]},{\"@type\":\"WebSite\",\"@id\":\"https:\/\/testovanie.pivovarerb.sk\/#website\",\"url\":\"https:\/\/testovanie.pivovarerb.sk\/\",\"name\":\"Pivovar ERB\",\"description\":\"Bu\u010fte n\u00e1ro\u010dn\u00ed.\",\"potentialAction\":[{\"@type\":\"SearchAction\",\"target\":{\"@type\":\"EntryPoint\",\"urlTemplate\":\"https:\/\/testovanie.pivovarerb.sk\/?s={search_term_string}\"},\"query-input\":\"required name=search_term_string\"}],\"inLanguage\":\"ENH\"}]}<\/script>\n<!-- \/ Yoast SEO plugin. -->","yoast_head_json":{"title":"The story of the restaurant - Pivovar ERB","robots":{"index":"index","follow":"follow","max-snippet":"max-snippet:-1","max-image-preview":"max-image-preview:large","max-video-preview":"max-video-preview:-1"},"canonical":"https:\/\/pivovarerb.sk\/en\/restaurant\/story\/","og_locale":"en_US","og_type":"article","og_title":"The story of the restaurant - Pivovar ERB","og_description":"The original aim of the restaurant was completely different from what it is today. The owner of the brewery originally intended to create a cosy and comfortable \u201cpub\u201d where people going to work in a suit can sit down in the evening and have a good beer. The size of the kitchen (2 x 3","og_url":"https:\/\/pivovarerb.sk\/en\/restaurant\/story\/","og_site_name":"Pivovar ERB","article_modified_time":"2017-02-07T14:52:49+00:00","og_image":[{"url":"http:\/\/pivovarerb.sk\/wp-content\/uploads\/2016\/12\/erb_ludia_a_priestory__107-e1485807299242.jpg"}],"twitter_card":"summary_large_image","twitter_misc":{"Est. reading time":"1 minute"},"schema":{"@context":"https:\/\/schema.org","@graph":[{"@type":"WebPage","@id":"https:\/\/pivovarerb.sk\/en\/restaurant\/story\/","url":"https:\/\/pivovarerb.sk\/en\/restaurant\/story\/","name":"The story of the restaurant - Pivovar ERB","isPartOf":{"@id":"https:\/\/testovanie.pivovarerb.sk\/#website"},"datePublished":"2017-02-07T14:09:50+00:00","dateModified":"2017-02-07T14:52:49+00:00","breadcrumb":{"@id":"https:\/\/pivovarerb.sk\/en\/restaurant\/story\/#breadcrumb"},"inLanguage":"ENH","potentialAction":[{"@type":"ReadAction","target":["https:\/\/pivovarerb.sk\/en\/restaurant\/story\/"]}]},{"@type":"BreadcrumbList","@id":"https:\/\/pivovarerb.sk\/en\/restaurant\/story\/#breadcrumb","itemListElement":[{"@type":"ListItem","position":1,"name":"Restaurant","item":"https:\/\/pivovarerb.sk\/en\/restaurant\/"},{"@type":"ListItem","position":2,"name":"The story of the restaurant"}]},{"@type":"WebSite","@id":"https:\/\/testovanie.pivovarerb.sk\/#website","url":"https:\/\/testovanie.pivovarerb.sk\/","name":"Pivovar ERB","description":"Bu\u010fte n\u00e1ro\u010dn\u00ed.","potentialAction":[{"@type":"SearchAction","target":{"@type":"EntryPoint","urlTemplate":"https:\/\/testovanie.pivovarerb.sk\/?s={search_term_string}"},"query-input":"required name=search_term_string"}],"inLanguage":"ENH"}]}},"_links":{"self":[{"href":"https:\/\/testovanie.pivovarerb.sk\/en\/wp-json\/wp\/v2\/pages\/3303"}],"collection":[{"href":"https:\/\/testovanie.pivovarerb.sk\/en\/wp-json\/wp\/v2\/pages"}],"about":[{"href":"https:\/\/testovanie.pivovarerb.sk\/en\/wp-json\/wp\/v2\/types\/page"}],"author":[{"embeddable":true,"href":"https:\/\/testovanie.pivovarerb.sk\/en\/wp-json\/wp\/v2\/users\/1"}],"replies":[{"embeddable":true,"href":"https:\/\/testovanie.pivovarerb.sk\/en\/wp-json\/wp\/v2\/comments?post=3303"}],"version-history":[{"count":0,"href":"https:\/\/testovanie.pivovarerb.sk\/en\/wp-json\/wp\/v2\/pages\/3303\/revisions"}],"up":[{"embeddable":true,"href":"https:\/\/testovanie.pivovarerb.sk\/en\/wp-json\/wp\/v2\/pages\/534"}],"wp:attachment":[{"href":"https:\/\/testovanie.pivovarerb.sk\/en\/wp-json\/wp\/v2\/media?parent=3303"}],"curies":[{"name":"wp","href":"https:\/\/api.w.org\/{rel}","templated":true}]}}