{"id":3322,"date":"2017-02-07T15:53:33","date_gmt":"2017-02-07T14:53:33","guid":{"rendered":"http:\/\/pivovarerb.sk\/?page_id=3322\/"},"modified":"2019-07-22T19:55:19","modified_gmt":"2019-07-22T17:55:19","slug":"visits-and-tastings","status":"publish","type":"page","link":"https:\/\/testovanie.pivovarerb.sk\/en\/restaurant\/visits-and-tastings\/","title":{"rendered":"Visits and tastings"},"content":{"rendered":"<h5>We offer visits to the brewery with beer tasting for private or corporate groups. Experience something special and learn something new and interesting.<\/h5>\n<p><img decoding=\"async\" loading=\"lazy\" class=\"alignnone wp-image-2423 size-full\" src=\"http:\/\/pivovarerb.sk\/wp-content\/uploads\/2016\/12\/job_0048-2_min.jpg\" width=\"1200\" height=\"798\" srcset=\"https:\/\/testovanie.pivovarerb.sk\/wp-content\/uploads\/2016\/12\/job_0048-2_min.jpg 1200w, https:\/\/testovanie.pivovarerb.sk\/wp-content\/uploads\/2016\/12\/job_0048-2_min-1000x665.jpg 1000w, https:\/\/testovanie.pivovarerb.sk\/wp-content\/uploads\/2016\/12\/job_0048-2_min-600x399.jpg 600w, https:\/\/testovanie.pivovarerb.sk\/wp-content\/uploads\/2016\/12\/job_0048-2_min-768x511.jpg 768w, https:\/\/testovanie.pivovarerb.sk\/wp-content\/uploads\/2016\/12\/job_0048-2_min-1024x681.jpg 1024w\" sizes=\"(max-width: 1200px) 100vw, 1200px\" \/><\/p>\n<p>We offer two types of visits and you can choose what suits you better.<\/p>\n<p>In terms of time, the presentation concerning the beer brewing process connected with a visit of the whole brewery is shorter. It is an ideal way to make the most of your time while waiting for your meal.<\/p>\n<p>If you have more time, we recommend you make a complete visit accompanied with our beer sommelier &#8211; the first and only one in Slovakia thus far. Together with him you will walk through the whole brewery in an hour and half and learn interesting and funny details about the history of beer and beer brewing. At the end you will learn how to taste beer and distinguish the tastes and smells of various beers.<\/p>\n<p style=\"text-align: center; margin-top: 30px;\"><a class=\"btn btn-primary\" href=\"http:\/\/pivovarerb.sk\/en\/restaurant\/reservations\/\">Book a visit<\/a><\/p>\n","protected":false},"excerpt":{"rendered":"<p>We offer visits to the brewery with beer tasting for private or corporate groups. Experience something special and learn something new and interesting. We offer two types of visits and you can choose what suits you better. In terms of time, the presentation concerning the beer brewing process connected with a visit of the whole<\/p>\n","protected":false},"author":1,"featured_media":0,"parent":534,"menu_order":71,"comment_status":"closed","ping_status":"closed","template":"","meta":{"footnotes":""},"acf":[],"yoast_head":"<!-- This site is optimized with the Yoast SEO plugin v20.1 - https:\/\/yoast.com\/wordpress\/plugins\/seo\/ -->\n<title>Visits and tastings - Pivovar ERB<\/title>\n<meta name=\"robots\" content=\"index, follow, max-snippet:-1, max-image-preview:large, max-video-preview:-1\" \/>\n<link rel=\"canonical\" href=\"https:\/\/pivovarerb.sk\/en\/restaurant\/visits-and-tastings\/\" \/>\n<meta property=\"og:locale\" content=\"en_US\" \/>\n<meta property=\"og:type\" content=\"article\" \/>\n<meta property=\"og:title\" content=\"Visits and tastings - Pivovar ERB\" \/>\n<meta property=\"og:description\" content=\"We offer visits to the brewery with beer tasting for private or corporate groups. Experience something special and learn something new and interesting. We offer two types of visits and you can choose what suits you better. In terms of time, the presentation concerning the beer brewing process connected with a visit of the whole\" \/>\n<meta property=\"og:url\" content=\"https:\/\/pivovarerb.sk\/en\/restaurant\/visits-and-tastings\/\" \/>\n<meta property=\"og:site_name\" content=\"Pivovar ERB\" \/>\n<meta property=\"article:modified_time\" content=\"2019-07-22T17:55:19+00:00\" \/>\n<meta property=\"og:image\" content=\"http:\/\/pivovarerb.sk\/wp-content\/uploads\/2016\/12\/job_0048-2_min.jpg\" \/>\n<meta name=\"twitter:card\" content=\"summary_large_image\" \/>\n<meta name=\"twitter:label1\" content=\"Est. reading time\" \/>\n\t<meta name=\"twitter:data1\" content=\"1 minute\" \/>\n<script type=\"application\/ld+json\" class=\"yoast-schema-graph\">{\"@context\":\"https:\/\/schema.org\",\"@graph\":[{\"@type\":\"WebPage\",\"@id\":\"https:\/\/pivovarerb.sk\/en\/restaurant\/visits-and-tastings\/\",\"url\":\"https:\/\/pivovarerb.sk\/en\/restaurant\/visits-and-tastings\/\",\"name\":\"Visits and tastings - Pivovar ERB\",\"isPartOf\":{\"@id\":\"https:\/\/testovanie.pivovarerb.sk\/#website\"},\"datePublished\":\"2017-02-07T14:53:33+00:00\",\"dateModified\":\"2019-07-22T17:55:19+00:00\",\"breadcrumb\":{\"@id\":\"https:\/\/pivovarerb.sk\/en\/restaurant\/visits-and-tastings\/#breadcrumb\"},\"inLanguage\":\"ENH\",\"potentialAction\":[{\"@type\":\"ReadAction\",\"target\":[\"https:\/\/pivovarerb.sk\/en\/restaurant\/visits-and-tastings\/\"]}]},{\"@type\":\"BreadcrumbList\",\"@id\":\"https:\/\/pivovarerb.sk\/en\/restaurant\/visits-and-tastings\/#breadcrumb\",\"itemListElement\":[{\"@type\":\"ListItem\",\"position\":1,\"name\":\"Restaurant\",\"item\":\"https:\/\/pivovarerb.sk\/en\/restaurant\/\"},{\"@type\":\"ListItem\",\"position\":2,\"name\":\"Visits and tastings\"}]},{\"@type\":\"WebSite\",\"@id\":\"https:\/\/testovanie.pivovarerb.sk\/#website\",\"url\":\"https:\/\/testovanie.pivovarerb.sk\/\",\"name\":\"Pivovar ERB\",\"description\":\"Bu\u010fte n\u00e1ro\u010dn\u00ed.\",\"potentialAction\":[{\"@type\":\"SearchAction\",\"target\":{\"@type\":\"EntryPoint\",\"urlTemplate\":\"https:\/\/testovanie.pivovarerb.sk\/?s={search_term_string}\"},\"query-input\":\"required name=search_term_string\"}],\"inLanguage\":\"ENH\"}]}<\/script>\n<!-- \/ Yoast SEO plugin. -->","yoast_head_json":{"title":"Visits and tastings - Pivovar ERB","robots":{"index":"index","follow":"follow","max-snippet":"max-snippet:-1","max-image-preview":"max-image-preview:large","max-video-preview":"max-video-preview:-1"},"canonical":"https:\/\/pivovarerb.sk\/en\/restaurant\/visits-and-tastings\/","og_locale":"en_US","og_type":"article","og_title":"Visits and tastings - Pivovar ERB","og_description":"We offer visits to the brewery with beer tasting for private or corporate groups. Experience something special and learn something new and interesting. We offer two types of visits and you can choose what suits you better. In terms of time, the presentation concerning the beer brewing process connected with a visit of the whole","og_url":"https:\/\/pivovarerb.sk\/en\/restaurant\/visits-and-tastings\/","og_site_name":"Pivovar ERB","article_modified_time":"2019-07-22T17:55:19+00:00","og_image":[{"url":"http:\/\/pivovarerb.sk\/wp-content\/uploads\/2016\/12\/job_0048-2_min.jpg"}],"twitter_card":"summary_large_image","twitter_misc":{"Est. reading time":"1 minute"},"schema":{"@context":"https:\/\/schema.org","@graph":[{"@type":"WebPage","@id":"https:\/\/pivovarerb.sk\/en\/restaurant\/visits-and-tastings\/","url":"https:\/\/pivovarerb.sk\/en\/restaurant\/visits-and-tastings\/","name":"Visits and tastings - Pivovar ERB","isPartOf":{"@id":"https:\/\/testovanie.pivovarerb.sk\/#website"},"datePublished":"2017-02-07T14:53:33+00:00","dateModified":"2019-07-22T17:55:19+00:00","breadcrumb":{"@id":"https:\/\/pivovarerb.sk\/en\/restaurant\/visits-and-tastings\/#breadcrumb"},"inLanguage":"ENH","potentialAction":[{"@type":"ReadAction","target":["https:\/\/pivovarerb.sk\/en\/restaurant\/visits-and-tastings\/"]}]},{"@type":"BreadcrumbList","@id":"https:\/\/pivovarerb.sk\/en\/restaurant\/visits-and-tastings\/#breadcrumb","itemListElement":[{"@type":"ListItem","position":1,"name":"Restaurant","item":"https:\/\/pivovarerb.sk\/en\/restaurant\/"},{"@type":"ListItem","position":2,"name":"Visits and tastings"}]},{"@type":"WebSite","@id":"https:\/\/testovanie.pivovarerb.sk\/#website","url":"https:\/\/testovanie.pivovarerb.sk\/","name":"Pivovar ERB","description":"Bu\u010fte n\u00e1ro\u010dn\u00ed.","potentialAction":[{"@type":"SearchAction","target":{"@type":"EntryPoint","urlTemplate":"https:\/\/testovanie.pivovarerb.sk\/?s={search_term_string}"},"query-input":"required name=search_term_string"}],"inLanguage":"ENH"}]}},"_links":{"self":[{"href":"https:\/\/testovanie.pivovarerb.sk\/en\/wp-json\/wp\/v2\/pages\/3322"}],"collection":[{"href":"https:\/\/testovanie.pivovarerb.sk\/en\/wp-json\/wp\/v2\/pages"}],"about":[{"href":"https:\/\/testovanie.pivovarerb.sk\/en\/wp-json\/wp\/v2\/types\/page"}],"author":[{"embeddable":true,"href":"https:\/\/testovanie.pivovarerb.sk\/en\/wp-json\/wp\/v2\/users\/1"}],"replies":[{"embeddable":true,"href":"https:\/\/testovanie.pivovarerb.sk\/en\/wp-json\/wp\/v2\/comments?post=3322"}],"version-history":[{"count":1,"href":"https:\/\/testovanie.pivovarerb.sk\/en\/wp-json\/wp\/v2\/pages\/3322\/revisions"}],"predecessor-version":[{"id":14390,"href":"https:\/\/testovanie.pivovarerb.sk\/en\/wp-json\/wp\/v2\/pages\/3322\/revisions\/14390"}],"up":[{"embeddable":true,"href":"https:\/\/testovanie.pivovarerb.sk\/en\/wp-json\/wp\/v2\/pages\/534"}],"wp:attachment":[{"href":"https:\/\/testovanie.pivovarerb.sk\/en\/wp-json\/wp\/v2\/media?parent=3322"}],"curies":[{"name":"wp","href":"https:\/\/api.w.org\/{rel}","templated":true}]}}