{"id":531,"date":"2016-06-28T18:08:37","date_gmt":"2016-06-28T16:08:37","guid":{"rendered":"http:\/\/pivovarerb.sk\/en\/pivovar\/nas-pribeh\/"},"modified":"2022-05-23T09:28:54","modified_gmt":"2022-05-23T07:28:54","slug":"story","status":"publish","type":"page","link":"https:\/\/testovanie.pivovarerb.sk\/en\/brewery\/story\/","title":{"rendered":"Story"},"content":{"rendered":"","protected":false},"excerpt":{"rendered":"","protected":false},"author":1,"featured_media":0,"parent":463,"menu_order":40,"comment_status":"closed","ping_status":"closed","template":"template-pivovar-pribeh.php","meta":{"footnotes":""},"acf":[],"yoast_head":"<!-- This site is optimized with the Yoast SEO plugin v20.1 - https:\/\/yoast.com\/wordpress\/plugins\/seo\/ -->\n<title>Story - Pivovar ERB<\/title>\n<meta name=\"robots\" content=\"index, follow, max-snippet:-1, max-image-preview:large, max-video-preview:-1\" \/>\n<link rel=\"canonical\" href=\"https:\/\/pivovarerb.sk\/en\/brewery\/story\/\" \/>\n<meta property=\"og:locale\" content=\"en_US\" \/>\n<meta property=\"og:type\" content=\"article\" \/>\n<meta property=\"og:title\" content=\"Story - Pivovar ERB\" \/>\n<meta property=\"og:url\" content=\"https:\/\/pivovarerb.sk\/en\/brewery\/story\/\" \/>\n<meta property=\"og:site_name\" content=\"Pivovar ERB\" \/>\n<meta property=\"article:modified_time\" content=\"2022-05-23T07:28:54+00:00\" \/>\n<meta property=\"og:image\" content=\"http:\/\/pivovarerb.sk\/wp-content\/uploads\/2020\/03\/erb_og-image_v01.jpg\" \/>\n<meta name=\"twitter:card\" content=\"summary_large_image\" \/>\n<script type=\"application\/ld+json\" class=\"yoast-schema-graph\">{\"@context\":\"https:\/\/schema.org\",\"@graph\":[{\"@type\":\"WebPage\",\"@id\":\"https:\/\/pivovarerb.sk\/en\/brewery\/story\/\",\"url\":\"https:\/\/pivovarerb.sk\/en\/brewery\/story\/\",\"name\":\"Story - Pivovar ERB\",\"isPartOf\":{\"@id\":\"https:\/\/testovanie.pivovarerb.sk\/#website\"},\"datePublished\":\"2016-06-28T16:08:37+00:00\",\"dateModified\":\"2022-05-23T07:28:54+00:00\",\"breadcrumb\":{\"@id\":\"https:\/\/pivovarerb.sk\/en\/brewery\/story\/#breadcrumb\"},\"inLanguage\":\"ENH\",\"potentialAction\":[{\"@type\":\"ReadAction\",\"target\":[\"https:\/\/pivovarerb.sk\/en\/brewery\/story\/\"]}]},{\"@type\":\"BreadcrumbList\",\"@id\":\"https:\/\/pivovarerb.sk\/en\/brewery\/story\/#breadcrumb\",\"itemListElement\":[{\"@type\":\"ListItem\",\"position\":1,\"name\":\"Brewery\",\"item\":\"https:\/\/pivovarerb.sk\/en\/brewery\/\"},{\"@type\":\"ListItem\",\"position\":2,\"name\":\"Story\"}]},{\"@type\":\"WebSite\",\"@id\":\"https:\/\/testovanie.pivovarerb.sk\/#website\",\"url\":\"https:\/\/testovanie.pivovarerb.sk\/\",\"name\":\"Pivovar ERB\",\"description\":\"Bu\u010fte n\u00e1ro\u010dn\u00ed.\",\"potentialAction\":[{\"@type\":\"SearchAction\",\"target\":{\"@type\":\"EntryPoint\",\"urlTemplate\":\"https:\/\/testovanie.pivovarerb.sk\/?s={search_term_string}\"},\"query-input\":\"required name=search_term_string\"}],\"inLanguage\":\"ENH\"}]}<\/script>\n<!-- \/ Yoast SEO plugin. -->","yoast_head_json":{"title":"Story - Pivovar ERB","robots":{"index":"index","follow":"follow","max-snippet":"max-snippet:-1","max-image-preview":"max-image-preview:large","max-video-preview":"max-video-preview:-1"},"canonical":"https:\/\/pivovarerb.sk\/en\/brewery\/story\/","og_locale":"en_US","og_type":"article","og_title":"Story - Pivovar ERB","og_url":"https:\/\/pivovarerb.sk\/en\/brewery\/story\/","og_site_name":"Pivovar ERB","article_modified_time":"2022-05-23T07:28:54+00:00","og_image":[{"url":"http:\/\/pivovarerb.sk\/wp-content\/uploads\/2020\/03\/erb_og-image_v01.jpg"}],"twitter_card":"summary_large_image","schema":{"@context":"https:\/\/schema.org","@graph":[{"@type":"WebPage","@id":"https:\/\/pivovarerb.sk\/en\/brewery\/story\/","url":"https:\/\/pivovarerb.sk\/en\/brewery\/story\/","name":"Story - Pivovar ERB","isPartOf":{"@id":"https:\/\/testovanie.pivovarerb.sk\/#website"},"datePublished":"2016-06-28T16:08:37+00:00","dateModified":"2022-05-23T07:28:54+00:00","breadcrumb":{"@id":"https:\/\/pivovarerb.sk\/en\/brewery\/story\/#breadcrumb"},"inLanguage":"ENH","potentialAction":[{"@type":"ReadAction","target":["https:\/\/pivovarerb.sk\/en\/brewery\/story\/"]}]},{"@type":"BreadcrumbList","@id":"https:\/\/pivovarerb.sk\/en\/brewery\/story\/#breadcrumb","itemListElement":[{"@type":"ListItem","position":1,"name":"Brewery","item":"https:\/\/pivovarerb.sk\/en\/brewery\/"},{"@type":"ListItem","position":2,"name":"Story"}]},{"@type":"WebSite","@id":"https:\/\/testovanie.pivovarerb.sk\/#website","url":"https:\/\/testovanie.pivovarerb.sk\/","name":"Pivovar ERB","description":"Bu\u010fte n\u00e1ro\u010dn\u00ed.","potentialAction":[{"@type":"SearchAction","target":{"@type":"EntryPoint","urlTemplate":"https:\/\/testovanie.pivovarerb.sk\/?s={search_term_string}"},"query-input":"required name=search_term_string"}],"inLanguage":"ENH"}]}},"_links":{"self":[{"href":"https:\/\/testovanie.pivovarerb.sk\/en\/wp-json\/wp\/v2\/pages\/531"}],"collection":[{"href":"https:\/\/testovanie.pivovarerb.sk\/en\/wp-json\/wp\/v2\/pages"}],"about":[{"href":"https:\/\/testovanie.pivovarerb.sk\/en\/wp-json\/wp\/v2\/types\/page"}],"author":[{"embeddable":true,"href":"https:\/\/testovanie.pivovarerb.sk\/en\/wp-json\/wp\/v2\/users\/1"}],"replies":[{"embeddable":true,"href":"https:\/\/testovanie.pivovarerb.sk\/en\/wp-json\/wp\/v2\/comments?post=531"}],"version-history":[{"count":7,"href":"https:\/\/testovanie.pivovarerb.sk\/en\/wp-json\/wp\/v2\/pages\/531\/revisions"}],"predecessor-version":[{"id":32271,"href":"https:\/\/testovanie.pivovarerb.sk\/en\/wp-json\/wp\/v2\/pages\/531\/revisions\/32271"}],"up":[{"embeddable":true,"href":"https:\/\/testovanie.pivovarerb.sk\/en\/wp-json\/wp\/v2\/pages\/463"}],"wp:attachment":[{"href":"https:\/\/testovanie.pivovarerb.sk\/en\/wp-json\/wp\/v2\/media?parent=531"}],"curies":[{"name":"wp","href":"https:\/\/api.w.org\/{rel}","templated":true}]}}