{"id":534,"date":"2016-06-28T12:22:44","date_gmt":"2016-06-28T10:22:44","guid":{"rendered":"http:\/\/pivovarerb.sk\/en\/restauracia\/"},"modified":"2022-08-13T23:25:39","modified_gmt":"2022-08-13T21:25:39","slug":"restaurant","status":"publish","type":"page","link":"https:\/\/testovanie.pivovarerb.sk\/en\/restaurant\/","title":{"rendered":"Restaurant"},"content":{"rendered":"","protected":false},"excerpt":{"rendered":"","protected":false},"author":1,"featured_media":0,"parent":0,"menu_order":63,"comment_status":"closed","ping_status":"closed","template":"template-restaurant-home.php","meta":{"footnotes":""},"acf":[],"yoast_head":"<!-- This site is optimized with the Yoast SEO plugin v20.1 - https:\/\/yoast.com\/wordpress\/plugins\/seo\/ -->\n<title>Restaurant - Pivovar ERB<\/title>\n<meta name=\"robots\" content=\"index, follow, max-snippet:-1, max-image-preview:large, max-video-preview:-1\" \/>\n<link rel=\"canonical\" href=\"https:\/\/pivovarerb.sk\/en\/restaurant\/\" \/>\n<meta property=\"og:locale\" content=\"en_US\" \/>\n<meta property=\"og:type\" content=\"article\" \/>\n<meta property=\"og:title\" content=\"Restaurant - Pivovar ERB\" \/>\n<meta property=\"og:url\" content=\"https:\/\/pivovarerb.sk\/en\/restaurant\/\" \/>\n<meta property=\"og:site_name\" content=\"Pivovar ERB\" \/>\n<meta property=\"article:modified_time\" content=\"2022-08-13T21:25:39+00:00\" \/>\n<meta property=\"og:image\" content=\"http:\/\/pivovarerb.sk\/wp-content\/uploads\/2020\/03\/erb_og-image_v01.jpg\" \/>\n<meta name=\"twitter:card\" content=\"summary_large_image\" \/>\n<script type=\"application\/ld+json\" class=\"yoast-schema-graph\">{\"@context\":\"https:\/\/schema.org\",\"@graph\":[{\"@type\":\"WebPage\",\"@id\":\"https:\/\/pivovarerb.sk\/en\/restaurant\/\",\"url\":\"https:\/\/pivovarerb.sk\/en\/restaurant\/\",\"name\":\"Restaurant - Pivovar ERB\",\"isPartOf\":{\"@id\":\"https:\/\/testovanie.pivovarerb.sk\/#website\"},\"datePublished\":\"2016-06-28T10:22:44+00:00\",\"dateModified\":\"2022-08-13T21:25:39+00:00\",\"inLanguage\":\"ENH\",\"potentialAction\":[{\"@type\":\"ReadAction\",\"target\":[\"https:\/\/pivovarerb.sk\/en\/restaurant\/\"]}]},{\"@type\":\"WebSite\",\"@id\":\"https:\/\/testovanie.pivovarerb.sk\/#website\",\"url\":\"https:\/\/testovanie.pivovarerb.sk\/\",\"name\":\"Pivovar ERB\",\"description\":\"Bu\u010fte n\u00e1ro\u010dn\u00ed.\",\"potentialAction\":[{\"@type\":\"SearchAction\",\"target\":{\"@type\":\"EntryPoint\",\"urlTemplate\":\"https:\/\/testovanie.pivovarerb.sk\/?s={search_term_string}\"},\"query-input\":\"required name=search_term_string\"}],\"inLanguage\":\"ENH\"}]}<\/script>\n<!-- \/ Yoast SEO plugin. -->","yoast_head_json":{"title":"Restaurant - Pivovar ERB","robots":{"index":"index","follow":"follow","max-snippet":"max-snippet:-1","max-image-preview":"max-image-preview:large","max-video-preview":"max-video-preview:-1"},"canonical":"https:\/\/pivovarerb.sk\/en\/restaurant\/","og_locale":"en_US","og_type":"article","og_title":"Restaurant - Pivovar ERB","og_url":"https:\/\/pivovarerb.sk\/en\/restaurant\/","og_site_name":"Pivovar ERB","article_modified_time":"2022-08-13T21:25:39+00:00","og_image":[{"url":"http:\/\/pivovarerb.sk\/wp-content\/uploads\/2020\/03\/erb_og-image_v01.jpg"}],"twitter_card":"summary_large_image","schema":{"@context":"https:\/\/schema.org","@graph":[{"@type":"WebPage","@id":"https:\/\/pivovarerb.sk\/en\/restaurant\/","url":"https:\/\/pivovarerb.sk\/en\/restaurant\/","name":"Restaurant - Pivovar ERB","isPartOf":{"@id":"https:\/\/testovanie.pivovarerb.sk\/#website"},"datePublished":"2016-06-28T10:22:44+00:00","dateModified":"2022-08-13T21:25:39+00:00","inLanguage":"ENH","potentialAction":[{"@type":"ReadAction","target":["https:\/\/pivovarerb.sk\/en\/restaurant\/"]}]},{"@type":"WebSite","@id":"https:\/\/testovanie.pivovarerb.sk\/#website","url":"https:\/\/testovanie.pivovarerb.sk\/","name":"Pivovar ERB","description":"Bu\u010fte n\u00e1ro\u010dn\u00ed.","potentialAction":[{"@type":"SearchAction","target":{"@type":"EntryPoint","urlTemplate":"https:\/\/testovanie.pivovarerb.sk\/?s={search_term_string}"},"query-input":"required name=search_term_string"}],"inLanguage":"ENH"}]}},"_links":{"self":[{"href":"https:\/\/testovanie.pivovarerb.sk\/en\/wp-json\/wp\/v2\/pages\/534"}],"collection":[{"href":"https:\/\/testovanie.pivovarerb.sk\/en\/wp-json\/wp\/v2\/pages"}],"about":[{"href":"https:\/\/testovanie.pivovarerb.sk\/en\/wp-json\/wp\/v2\/types\/page"}],"author":[{"embeddable":true,"href":"https:\/\/testovanie.pivovarerb.sk\/en\/wp-json\/wp\/v2\/users\/1"}],"replies":[{"embeddable":true,"href":"https:\/\/testovanie.pivovarerb.sk\/en\/wp-json\/wp\/v2\/comments?post=534"}],"version-history":[{"count":4,"href":"https:\/\/testovanie.pivovarerb.sk\/en\/wp-json\/wp\/v2\/pages\/534\/revisions"}],"predecessor-version":[{"id":33314,"href":"https:\/\/testovanie.pivovarerb.sk\/en\/wp-json\/wp\/v2\/pages\/534\/revisions\/33314"}],"wp:attachment":[{"href":"https:\/\/testovanie.pivovarerb.sk\/en\/wp-json\/wp\/v2\/media?parent=534"}],"curies":[{"name":"wp","href":"https:\/\/api.w.org\/{rel}","templated":true}]}}