{"id":539,"date":"2016-06-28T12:22:51","date_gmt":"2016-06-28T10:22:51","guid":{"rendered":"http:\/\/pivovarerb.sk\/en\/divadlo\/"},"modified":"2017-10-31T18:12:29","modified_gmt":"2017-10-31T17:12:29","slug":"theatre","status":"publish","type":"page","link":"https:\/\/testovanie.pivovarerb.sk\/en\/theatre\/","title":{"rendered":"Theatre"},"content":{"rendered":"","protected":false},"excerpt":{"rendered":"","protected":false},"author":1,"featured_media":0,"parent":0,"menu_order":13,"comment_status":"closed","ping_status":"closed","template":"template-theater-home.php","meta":{"footnotes":""},"acf":[],"yoast_head":"<!-- This site is optimized with the Yoast SEO plugin v20.1 - https:\/\/yoast.com\/wordpress\/plugins\/seo\/ -->\n<title>Theatre - Pivovar ERB<\/title>\n<meta name=\"robots\" content=\"index, follow, max-snippet:-1, max-image-preview:large, max-video-preview:-1\" \/>\n<link rel=\"canonical\" href=\"https:\/\/pivovarerb.sk\/en\/theatre\/\" \/>\n<meta property=\"og:locale\" content=\"en_US\" \/>\n<meta property=\"og:type\" content=\"article\" \/>\n<meta property=\"og:title\" content=\"Theatre - Pivovar ERB\" \/>\n<meta property=\"og:url\" content=\"https:\/\/pivovarerb.sk\/en\/theatre\/\" \/>\n<meta property=\"og:site_name\" content=\"Pivovar ERB\" \/>\n<meta property=\"article:modified_time\" content=\"2017-10-31T17:12:29+00:00\" \/>\n<meta property=\"og:image\" content=\"http:\/\/pivovarerb.sk\/wp-content\/uploads\/2020\/03\/erb_og-image_v01.jpg\" \/>\n<meta name=\"twitter:card\" content=\"summary_large_image\" \/>\n<script type=\"application\/ld+json\" class=\"yoast-schema-graph\">{\"@context\":\"https:\/\/schema.org\",\"@graph\":[{\"@type\":\"WebPage\",\"@id\":\"https:\/\/pivovarerb.sk\/en\/theatre\/\",\"url\":\"https:\/\/pivovarerb.sk\/en\/theatre\/\",\"name\":\"Theatre - Pivovar ERB\",\"isPartOf\":{\"@id\":\"https:\/\/testovanie.pivovarerb.sk\/#website\"},\"datePublished\":\"2016-06-28T10:22:51+00:00\",\"dateModified\":\"2017-10-31T17:12:29+00:00\",\"inLanguage\":\"ENH\",\"potentialAction\":[{\"@type\":\"ReadAction\",\"target\":[\"https:\/\/pivovarerb.sk\/en\/theatre\/\"]}]},{\"@type\":\"WebSite\",\"@id\":\"https:\/\/testovanie.pivovarerb.sk\/#website\",\"url\":\"https:\/\/testovanie.pivovarerb.sk\/\",\"name\":\"Pivovar ERB\",\"description\":\"Bu\u010fte n\u00e1ro\u010dn\u00ed.\",\"potentialAction\":[{\"@type\":\"SearchAction\",\"target\":{\"@type\":\"EntryPoint\",\"urlTemplate\":\"https:\/\/testovanie.pivovarerb.sk\/?s={search_term_string}\"},\"query-input\":\"required name=search_term_string\"}],\"inLanguage\":\"ENH\"}]}<\/script>\n<!-- \/ Yoast SEO plugin. -->","yoast_head_json":{"title":"Theatre - Pivovar ERB","robots":{"index":"index","follow":"follow","max-snippet":"max-snippet:-1","max-image-preview":"max-image-preview:large","max-video-preview":"max-video-preview:-1"},"canonical":"https:\/\/pivovarerb.sk\/en\/theatre\/","og_locale":"en_US","og_type":"article","og_title":"Theatre - Pivovar ERB","og_url":"https:\/\/pivovarerb.sk\/en\/theatre\/","og_site_name":"Pivovar ERB","article_modified_time":"2017-10-31T17:12:29+00:00","og_image":[{"url":"http:\/\/pivovarerb.sk\/wp-content\/uploads\/2020\/03\/erb_og-image_v01.jpg"}],"twitter_card":"summary_large_image","schema":{"@context":"https:\/\/schema.org","@graph":[{"@type":"WebPage","@id":"https:\/\/pivovarerb.sk\/en\/theatre\/","url":"https:\/\/pivovarerb.sk\/en\/theatre\/","name":"Theatre - Pivovar ERB","isPartOf":{"@id":"https:\/\/testovanie.pivovarerb.sk\/#website"},"datePublished":"2016-06-28T10:22:51+00:00","dateModified":"2017-10-31T17:12:29+00:00","inLanguage":"ENH","potentialAction":[{"@type":"ReadAction","target":["https:\/\/pivovarerb.sk\/en\/theatre\/"]}]},{"@type":"WebSite","@id":"https:\/\/testovanie.pivovarerb.sk\/#website","url":"https:\/\/testovanie.pivovarerb.sk\/","name":"Pivovar ERB","description":"Bu\u010fte n\u00e1ro\u010dn\u00ed.","potentialAction":[{"@type":"SearchAction","target":{"@type":"EntryPoint","urlTemplate":"https:\/\/testovanie.pivovarerb.sk\/?s={search_term_string}"},"query-input":"required name=search_term_string"}],"inLanguage":"ENH"}]}},"_links":{"self":[{"href":"https:\/\/testovanie.pivovarerb.sk\/en\/wp-json\/wp\/v2\/pages\/539"}],"collection":[{"href":"https:\/\/testovanie.pivovarerb.sk\/en\/wp-json\/wp\/v2\/pages"}],"about":[{"href":"https:\/\/testovanie.pivovarerb.sk\/en\/wp-json\/wp\/v2\/types\/page"}],"author":[{"embeddable":true,"href":"https:\/\/testovanie.pivovarerb.sk\/en\/wp-json\/wp\/v2\/users\/1"}],"replies":[{"embeddable":true,"href":"https:\/\/testovanie.pivovarerb.sk\/en\/wp-json\/wp\/v2\/comments?post=539"}],"version-history":[{"count":2,"href":"https:\/\/testovanie.pivovarerb.sk\/en\/wp-json\/wp\/v2\/pages\/539\/revisions"}],"predecessor-version":[{"id":8821,"href":"https:\/\/testovanie.pivovarerb.sk\/en\/wp-json\/wp\/v2\/pages\/539\/revisions\/8821"}],"wp:attachment":[{"href":"https:\/\/testovanie.pivovarerb.sk\/en\/wp-json\/wp\/v2\/media?parent=539"}],"curies":[{"name":"wp","href":"https:\/\/api.w.org\/{rel}","templated":true}]}}